{"id":433,"date":"2017-09-28T09:21:47","date_gmt":"2017-09-28T08:21:47","guid":{"rendered":"http:\/\/sobergrand.eu\/siteprojet\/?page_id=433"},"modified":"2023-12-20T22:13:20","modified_gmt":"2023-12-20T21:13:20","slug":"2notre-entreprise-2","status":"publish","type":"page","link":"https:\/\/sobergrand.eu\/index.php\/2notre-entreprise-2\/","title":{"rendered":"L&rsquo;ENTREPRISE"},"content":{"rendered":"<p>[et_pb_section fb_built=\u00a0\u00bb1&Prime; admin_label=\u00a0\u00bbsection\u00a0\u00bb _builder_version=\u00a0\u00bb3.22&Prime;][et_pb_row _builder_version=\u00a0\u00bb4.7.4&Prime; _module_preset=\u00a0\u00bbdefault\u00a0\u00bb][et_pb_column type=\u00a0\u00bb4_4&Prime; _builder_version=\u00a0\u00bb4.7.4&Prime; _module_preset=\u00a0\u00bbdefault\u00a0\u00bb][et_pb_text _builder_version=\u00a0\u00bb4.8.2&Prime; _module_preset=\u00a0\u00bbdefault\u00a0\u00bb text_font=\u00a0\u00bbLato||||||||\u00a0\u00bb text_font_size=\u00a0\u00bb38px\u00a0\u00bb]<\/p>\n<p>&nbsp;<\/p>\n<p>L&rsquo;ENTREPRISE<\/p>\n<p>&nbsp;<\/p>\n<p>[\/et_pb_text][\/et_pb_column][\/et_pb_row][et_pb_row column_structure=\u00a0\u00bb1_4,3_4&Prime; _builder_version=\u00a0\u00bb3.25&Prime; background_size=\u00a0\u00bbinitial\u00a0\u00bb background_position=\u00a0\u00bbtop_left\u00a0\u00bb background_repeat=\u00a0\u00bbrepeat\u00a0\u00bb][et_pb_column type=\u00a0\u00bb1_4&Prime; _builder_version=\u00a0\u00bb3.25&Prime; custom_padding=\u00a0\u00bb|||\u00a0\u00bb custom_padding__hover=\u00a0\u00bb|||\u00a0\u00bb][et_pb_testimonial quote_icon=\u00a0\u00bboff\u00a0\u00bb portrait_width=\u00a0\u00bb1px\u00a0\u00bb portrait_height=\u00a0\u00bb1px\u00a0\u00bb admin_label=\u00a0\u00bbT\u00e9moignage\u00a0\u00bb _builder_version=\u00a0\u00bb4.9.3&Prime; body_font=\u00a0\u00bbLato||||\u00a0\u00bb body_line_height=\u00a0\u00bb1.7em\u00a0\u00bb use_background_color=\u00a0\u00bboff\u00a0\u00bb background_size=\u00a0\u00bbinitial\u00a0\u00bb background_position=\u00a0\u00bbtop_left\u00a0\u00bb background_repeat=\u00a0\u00bbrepeat\u00a0\u00bb text_orientation=\u00a0\u00bbjustified\u00a0\u00bb custom_margin=\u00a0\u00bb0px|10px|0px|20px|false|false\u00a0\u00bb custom_padding=\u00a0\u00bb0px||0px||false|false\u00a0\u00bb border_width_all=\u00a0\u00bb0px\u00a0\u00bb border_color_all=\u00a0\u00bb#ffffff\u00a0\u00bb border_style_all=\u00a0\u00bbsolid\u00a0\u00bb border_radii_portrait=\u00a0\u00bbon|0px|0px|0px|0px\u00a0\u00bb use_border_color=\u00a0\u00bbon\u00a0\u00bb portrait_border_radius=\u00a0\u00bb0px\u00a0\u00bb]<\/p>\n<blockquote>\n<p style=\"text-align: left;\"><strong style=\"color: #333333; font-size: 20px;\"><\/strong><\/p>\n<p style=\"text-align: left;\"><strong style=\"color: #333333; font-size: 20px;\"><\/strong><\/p>\n<p style=\"text-align: left;\"><strong style=\"color: #333333; font-size: 20px;\"><\/strong><\/p>\n<p style=\"text-align: left;\"><strong style=\"color: #333333; font-size: 20px;\"><\/strong><\/p>\n<p style=\"text-align: left;\"><strong style=\"color: #333333; font-size: 20px;\">Depuis 1968, SOBERGRAND reste fid\u00e8le \u00e0 une vision exigeante de son m\u00e9tier.<\/strong><strong><\/strong><\/p>\n<p style=\"text-align: left;\"><strong><\/strong><\/p>\n<\/blockquote>\n<p>[\/et_pb_testimonial][et_pb_image src=\u00a0\u00bbhttps:\/\/sobergrand.eu\/wp-content\/uploads\/2021\/01\/logo_sobergrand_seul-e1612251029774.png\u00a0\u00bb title_text=\u00a0\u00bblogo_sobergrand_seul\u00a0\u00bb align=\u00a0\u00bbcenter\u00a0\u00bb _builder_version=\u00a0\u00bb4.9.3&Prime; _module_preset=\u00a0\u00bbdefault\u00a0\u00bb][\/et_pb_image][\/et_pb_column][et_pb_column type=\u00a0\u00bb3_4&Prime; _builder_version=\u00a0\u00bb3.25&Prime; custom_padding=\u00a0\u00bb|||\u00a0\u00bb custom_padding__hover=\u00a0\u00bb|||\u00a0\u00bb][et_pb_image src=\u00a0\u00bbhttps:\/\/sobergrand.eu\/wp-content\/uploads\/2021\/01\/SOBERGRAND_FACADE-scaled.jpeg\u00a0\u00bb title_text=\u00a0\u00bbSOBERGRAND_FA\u00c7ADE\u00a0\u00bb align=\u00a0\u00bbcenter\u00a0\u00bb _builder_version=\u00a0\u00bb4.7.4&Prime; _module_preset=\u00a0\u00bbdefault\u00a0\u00bb width=\u00a0\u00bb100%\u00a0\u00bb max_width=\u00a0\u00bb100%\u00a0\u00bb module_alignment=\u00a0\u00bbcenter\u00a0\u00bb custom_margin=\u00a0\u00bb|21px||||\u00a0\u00bb filter_saturate=\u00a0\u00bb163%\u00a0\u00bb filter_brightness=\u00a0\u00bb119%\u00a0\u00bb filter_contrast=\u00a0\u00bb114%\u00a0\u00bb][\/et_pb_image][et_pb_testimonial portrait_url=\u00a0\u00bbhttps:\/\/sobergrand.eu\/wp-content\/uploads\/2017\/07\/AdobeStock_88873141.jpeg\u00a0\u00bb quote_icon=\u00a0\u00bboff\u00a0\u00bb portrait_width=\u00a0\u00bb1px\u00a0\u00bb portrait_height=\u00a0\u00bb1px\u00a0\u00bb admin_label=\u00a0\u00bbT\u00e9moignage\u00a0\u00bb _builder_version=\u00a0\u00bb4.7.4&Prime; body_font=\u00a0\u00bbLato||||\u00a0\u00bb body_line_height=\u00a0\u00bb1.7em\u00a0\u00bb use_background_color=\u00a0\u00bboff\u00a0\u00bb background_enable_image=\u00a0\u00bboff\u00a0\u00bb background_size=\u00a0\u00bbinitial\u00a0\u00bb background_position=\u00a0\u00bbtop_left\u00a0\u00bb background_repeat=\u00a0\u00bbrepeat\u00a0\u00bb custom_margin=\u00a0\u00bb0px||0px|20px\u00a0\u00bb custom_padding=\u00a0\u00bb0px||0px|\u00a0\u00bb border_width_all=\u00a0\u00bb0px\u00a0\u00bb border_color_all=\u00a0\u00bb#ffffff\u00a0\u00bb border_style_all=\u00a0\u00bbsolid\u00a0\u00bb border_radii_portrait=\u00a0\u00bbon|0px|0px|0px|0px\u00a0\u00bb use_border_color=\u00a0\u00bbon\u00a0\u00bb portrait_border_radius=\u00a0\u00bb0px\u00a0\u00bb]<\/p>\n<p>&nbsp;<\/p>\n<p><strong style=\"font-size: 16px;\">Cr\u00e9\u00e9e il y a plus de 55 ans<\/strong><span style=\"font-size: 16px;\">, la soci\u00e9t\u00e9 SOBERGRAND SAS dispose du savoir-faire indispensable \u00e0 la r\u00e9alisation d&rsquo;un tr\u00e8s large \u00e9ventail de pi\u00e8ces et d&rsquo;ensembles mont\u00e9s dans des m\u00e9taux divers et pour des poids allant jusqu&rsquo;\u00e0 la tonne.<\/span><\/p>\n<p>\u00a0<span style=\"font-size: 16px;\">Situ\u00e9 \u00e0 moins de 15 km de Lyon, notre site r\u00e9unit en une seule adresse ateliers, bureaux et m\u00e9trologie sur plus de 1600 m2. C&rsquo;est l\u00e0 que <\/span><strong style=\"font-size: 16px;\">notre \u00e9quipe tr\u00e8s qualifi\u00e9e de plus de 25 personnes<\/strong><span style=\"font-size: 16px;\"> \u0153uvre afin de donner vie \u00e0 vos id\u00e9es et de satisfaire vos besoins.<\/span><span style=\"font-size: 16px;\">\u00a0<\/span><\/p>\n<p class=\"\"><strong>NOTRE SAVOIR-FAIRE<\/strong><\/p>\n<p>\u00a0<strong>Du prototype \u00e0 la petite s\u00e9rie en passant par la pi\u00e8ce unitaire<\/strong>, SOBERGRAND r\u00e9alise une prestation compl\u00e8te de produits et d&rsquo;\u00e9l\u00e9ments assembl\u00e9s.<\/p>\n<p>Notre exp\u00e9rience nous permet de remettre en \u00e9tat vos pi\u00e8ces us\u00e9es ou abim\u00e9es. Mieux, nous disposons de <strong>toutes les comp\u00e9tences pour refaire une pi\u00e8ce d&rsquo;apr\u00e8s mod\u00e8le<\/strong>.<\/p>\n<p>Afin de garantir une qualit\u00e9 totale, <strong>nous sommes en mesure de vous fournir tous types de documents Qualit\u00e9<\/strong> (certificat mati\u00e8re, certificat de contr\u00f4le dimensionnel, certificat divers, contr\u00f4le non-destructif&#8230;).<span style=\"font-size: 16px;\">\u00a0<\/span><\/p>\n<p>&nbsp;<\/p>\n<p>[\/et_pb_testimonial][et_pb_text _builder_version=\u00a0\u00bb4.7.4&Prime; _module_preset=\u00a0\u00bbdefault\u00a0\u00bb][\/et_pb_text][et_pb_divider _builder_version=\u00a0\u00bb4.7.4&Prime; _module_preset=\u00a0\u00bbdefault\u00a0\u00bb min_height=\u00a0\u00bb65px\u00a0\u00bb custom_padding=\u00a0\u00bb1px|||||\u00a0\u00bb][\/et_pb_divider][\/et_pb_column][\/et_pb_row][\/et_pb_section]<\/p>\n","protected":false},"excerpt":{"rendered":"<p>[et_pb_section fb_built=\u00a0\u00bb1&Prime; admin_label=\u00a0\u00bbsection\u00a0\u00bb _builder_version=\u00a0\u00bb3.22&Prime;][et_pb_row _builder_version=\u00a0\u00bb4.7.4&Prime; _module_preset=\u00a0\u00bbdefault\u00a0\u00bb][et_pb_column type=\u00a0\u00bb4_4&Prime; _builder_version=\u00a0\u00bb4.7.4&Prime; _module_preset=\u00a0\u00bbdefault\u00a0\u00bb][et_pb_text _builder_version=\u00a0\u00bb4.8.2&Prime; _module_preset=\u00a0\u00bbdefault\u00a0\u00bb text_font=\u00a0\u00bbLato||||||||\u00a0\u00bb text_font_size=\u00a0\u00bb38px\u00a0\u00bb] &nbsp; L&rsquo;ENTREPRISE &nbsp; [\/et_pb_text][\/et_pb_column][\/et_pb_row][et_pb_row column_structure=\u00a0\u00bb1_4,3_4&Prime; _builder_version=\u00a0\u00bb3.25&Prime; background_size=\u00a0\u00bbinitial\u00a0\u00bb background_position=\u00a0\u00bbtop_left\u00a0\u00bb background_repeat=\u00a0\u00bbrepeat\u00a0\u00bb][et_pb_column type=\u00a0\u00bb1_4&Prime; _builder_version=\u00a0\u00bb3.25&Prime; custom_padding=\u00a0\u00bb|||\u00a0\u00bb custom_padding__hover=\u00a0\u00bb|||\u00a0\u00bb][et_pb_testimonial quote_icon=\u00a0\u00bboff\u00a0\u00bb portrait_width=\u00a0\u00bb1px\u00a0\u00bb portrait_height=\u00a0\u00bb1px\u00a0\u00bb admin_label=\u00a0\u00bbT\u00e9moignage\u00a0\u00bb _builder_version=\u00a0\u00bb4.9.3&Prime; body_font=\u00a0\u00bbLato||||\u00a0\u00bb body_line_height=\u00a0\u00bb1.7em\u00a0\u00bb use_background_color=\u00a0\u00bboff\u00a0\u00bb background_size=\u00a0\u00bbinitial\u00a0\u00bb background_position=\u00a0\u00bbtop_left\u00a0\u00bb background_repeat=\u00a0\u00bbrepeat\u00a0\u00bb text_orientation=\u00a0\u00bbjustified\u00a0\u00bb custom_margin=\u00a0\u00bb0px|10px|0px|20px|false|false\u00a0\u00bb custom_padding=\u00a0\u00bb0px||0px||false|false\u00a0\u00bb border_width_all=\u00a0\u00bb0px\u00a0\u00bb border_color_all=\u00a0\u00bb#ffffff\u00a0\u00bb border_style_all=\u00a0\u00bbsolid\u00a0\u00bb border_radii_portrait=\u00a0\u00bbon|0px|0px|0px|0px\u00a0\u00bb use_border_color=\u00a0\u00bbon\u00a0\u00bb portrait_border_radius=\u00a0\u00bb0px\u00a0\u00bb] Depuis 1968, SOBERGRAND reste fid\u00e8le \u00e0 une vision exigeante [&hellip;]<\/p>\n","protected":false},"author":1,"featured_media":57,"parent":0,"menu_order":0,"comment_status":"closed","ping_status":"closed","template":"","meta":{"_et_pb_use_builder":"on","_et_pb_old_content":"","_et_gb_content_width":"","footnotes":""},"wppr_data":{"cwp_meta_box_check":"No"},"_links":{"self":[{"href":"https:\/\/sobergrand.eu\/index.php\/wp-json\/wp\/v2\/pages\/433"}],"collection":[{"href":"https:\/\/sobergrand.eu\/index.php\/wp-json\/wp\/v2\/pages"}],"about":[{"href":"https:\/\/sobergrand.eu\/index.php\/wp-json\/wp\/v2\/types\/page"}],"author":[{"embeddable":true,"href":"https:\/\/sobergrand.eu\/index.php\/wp-json\/wp\/v2\/users\/1"}],"replies":[{"embeddable":true,"href":"https:\/\/sobergrand.eu\/index.php\/wp-json\/wp\/v2\/comments?post=433"}],"version-history":[{"count":32,"href":"https:\/\/sobergrand.eu\/index.php\/wp-json\/wp\/v2\/pages\/433\/revisions"}],"predecessor-version":[{"id":1266,"href":"https:\/\/sobergrand.eu\/index.php\/wp-json\/wp\/v2\/pages\/433\/revisions\/1266"}],"wp:featuredmedia":[{"embeddable":true,"href":"https:\/\/sobergrand.eu\/index.php\/wp-json\/wp\/v2\/media\/57"}],"wp:attachment":[{"href":"https:\/\/sobergrand.eu\/index.php\/wp-json\/wp\/v2\/media?parent=433"}],"curies":[{"name":"wp","href":"https:\/\/api.w.org\/{rel}","templated":true}]}}